{"id":225,"date":"2025-07-09T12:56:08","date_gmt":"2025-07-09T12:56:08","guid":{"rendered":"https:\/\/henry1.manuso.at\/weblog\/?page_id=225"},"modified":"2025-07-09T12:59:19","modified_gmt":"2025-07-09T12:59:19","slug":"impressum","status":"publish","type":"page","link":"https:\/\/henry1.manuso.at\/weblog\/index.php\/impressum\/","title":{"rendered":"Impressum"},"content":{"rendered":"\n<p><strong>Heinz Conrad<\/strong><\/p>\n\n\n\n<p><strong>Binagasse 36 \/ 2 \/ 4<\/strong><\/p>\n\n\n\n<p><strong>1230 WIEN<\/strong><\/p>\n\n\n\n<p><strong>\u00d6STERREICH<\/strong><\/p>\n\n\n\n<p><strong>Tel.: 0664 481 28 63<\/strong><\/p>\n\n\n\n<p><strong>E-Mail:\u00a0 henry147@gmx.at<\/strong><\/p>\n\n\n\n<div style=\"height:100px\" aria-hidden=\"true\" class=\"wp-block-spacer\"><\/div>\n\n\n\n<p><strong>Gelinkte Seiten<\/strong><\/p>\n\n\n\n<p><strong>Hiermit distanziere ich mich &#8211; Heinz Conrad &#8211; ausdr\u00fccklich von allen Inhalten aller gelinkten Seiten auf meiner Website und mache mir diese Inhalte&nbsp;NICHT zu eigen.<\/strong><\/p>\n\n\n\n<p><strong>M\u00f6gliche Verletzung von Copyrights<\/strong><\/p>\n\n\n\n<p><strong>Die Inhalte dieser Internetseiten wurden von mir selbst zusammengestellt oder mir von Anderen zur Verf\u00fcgung gestellt. Obwohl ich mich bem\u00fche keine Copyrights zu verletzen, ist dies aufgrund der F\u00fclle an Inhalten auf meinen Seiten nicht v\u00f6llig ausgeschlossen. In diesem Fall bitte ich um kurze, unb\u00fcrokratische Nachricht per E-Mail, damit ich den Vorgang pr\u00fcfen und den Link gegebenenfalls entfernen kann.<\/strong><\/p>\n\n\n\n<p><strong>Keine Abmahnung ohne vorherigen Kontakt!<\/strong><\/p>\n\n\n\n<p><strong>Sollte der Inhalt oder die Aufmachung dieser Seiten fremde Rechte Dritter oder gesetzliche Bestimmungen verletzen, so bitte ich um eine entsprechende Nachricht ohne Kostennote. Die Beseitigung einer m\u00f6glicherweise von diesen Seiten ausgehenden Schutzrecht-Verletzung durch Schutzrecht-Inhaberinnen selbst darf nicht ohne meine Zustimmung stattfinden.<\/strong><\/p>\n\n\n\n<p><strong>Ich garantiere, dass die zu Recht beanstandeten Passagen unverz\u00fcglich entfernt werden, ohne dass von Ihrer Seite die Einschaltung eines Rechtsbeistandes erforderlich ist.&nbsp;<\/strong><\/p>\n\n\n\n<p><strong>Erg\u00e4nzung am 19.01.2023<\/strong><\/p>\n\n\n\n<p><strong>Folgender Text wurde von mir &#8211; Heinz CONRAD &#8211; aus dem Internet entnommen.<\/strong><\/p>\n\n\n\n<p><strong>Impressum f\u00fcr eine private Homepage<\/strong><\/p>\n\n\n\n<p><strong>Haftung f\u00fcr Inhalte im Sinne von \u00a7 7 Absatz 1 TMG bin ich f\u00fcr die eigenen Inhalte auf dieser Webseite verantwortlich. Durch \u00a7\u00a7 8 bis einschlie\u00dflich 10 TMG bin ich aber nicht verpflichtet, gespeicherte oder \u00fcbermittelte fremde Inhalte zu \u00fcberwachen oder diese auf Rechtswidrigkeit zu pr\u00fcfen. Das befreit mich jedoch nicht von der Pflicht, der Sperrung und Entfernung von Informationen nach geltenden Gesetzen nachzukommen.<\/strong><\/p>\n","protected":false},"excerpt":{"rendered":"<p>Heinz Conrad Binagasse 36 \/ 2 \/ 4 1230 WIEN \u00d6STERREICH Tel.: 0664 481 28 63 E-Mail:\u00a0 henry147@gmx.at Gelinkte Seiten Hiermit distanziere ich mich &#8211; Heinz Conrad &#8211; ausdr\u00fccklich von allen Inhalten aller gelinkten Seiten auf meiner Website und mache mir diese Inhalte&nbsp;NICHT zu eigen. M\u00f6gliche Verletzung von Copyrights Die Inhalte dieser Internetseiten wurden von [&hellip;]<\/p>\n","protected":false},"author":1,"featured_media":0,"parent":0,"menu_order":0,"comment_status":"closed","ping_status":"closed","template":"","meta":{"footnotes":""},"_links":{"self":[{"href":"https:\/\/henry1.manuso.at\/weblog\/index.php\/wp-json\/wp\/v2\/pages\/225"}],"collection":[{"href":"https:\/\/henry1.manuso.at\/weblog\/index.php\/wp-json\/wp\/v2\/pages"}],"about":[{"href":"https:\/\/henry1.manuso.at\/weblog\/index.php\/wp-json\/wp\/v2\/types\/page"}],"author":[{"embeddable":true,"href":"https:\/\/henry1.manuso.at\/weblog\/index.php\/wp-json\/wp\/v2\/users\/1"}],"replies":[{"embeddable":true,"href":"https:\/\/henry1.manuso.at\/weblog\/index.php\/wp-json\/wp\/v2\/comments?post=225"}],"version-history":[{"count":3,"href":"https:\/\/henry1.manuso.at\/weblog\/index.php\/wp-json\/wp\/v2\/pages\/225\/revisions"}],"predecessor-version":[{"id":228,"href":"https:\/\/henry1.manuso.at\/weblog\/index.php\/wp-json\/wp\/v2\/pages\/225\/revisions\/228"}],"wp:attachment":[{"href":"https:\/\/henry1.manuso.at\/weblog\/index.php\/wp-json\/wp\/v2\/media?parent=225"}],"curies":[{"name":"wp","href":"https:\/\/api.w.org\/{rel}","templated":true}]}}